{"id":3121,"date":"2024-05-21T10:00:11","date_gmt":"2024-05-21T08:00:11","guid":{"rendered":"https:\/\/centroclinicosanramon.cl\/?page_id=3121"},"modified":"2024-05-21T10:02:36","modified_gmt":"2024-05-21T08:02:36","slug":"sueroterapia","status":"publish","type":"page","link":"https:\/\/centroclinicosanramon.cl\/index.php\/sueroterapia\/","title":{"rendered":"Sueroterapia"},"content":{"rendered":"\t\t<div data-elementor-type=\"wp-page\" data-elementor-id=\"3121\" class=\"elementor elementor-3121\">\n\t\t\t\t<div class=\"elementor-element elementor-element-6b9b424 e-con-full e-flex e-con e-parent\" data-id=\"6b9b424\" data-element_type=\"container\">\n\t\t\t\t<div class=\"elementor-element elementor-element-6974aaf elementor-widget elementor-widget-heading\" data-id=\"6974aaf\" data-element_type=\"widget\" data-widget_type=\"heading.default\">\n\t\t\t\t<div class=\"elementor-widget-container\">\n\t\t\t\t\t<h2 class=\"elementor-heading-title elementor-size-default\">Sueroterapia<\/h2>\t\t\t\t<\/div>\n\t\t\t\t<\/div>\n\t\t\t\t<div class=\"elementor-element elementor-element-5f426fd elementor-widget elementor-widget-image\" data-id=\"5f426fd\" data-element_type=\"widget\" data-widget_type=\"image.default\">\n\t\t\t\t<div class=\"elementor-widget-container\">\n\t\t\t\t\t\t\t\t\t\t\t\t\t\t\t<img fetchpriority=\"high\" decoding=\"async\" width=\"1024\" height=\"640\" src=\"https:\/\/centroclinicosanramon.cl\/wp-content\/uploads\/2024\/05\/sueroterapia-1024x640.jpg\" class=\"attachment-large size-large wp-image-3036\" alt=\"\" srcset=\"https:\/\/centroclinicosanramon.cl\/wp-content\/uploads\/2024\/05\/sueroterapia-1024x640.jpg 1024w, https:\/\/centroclinicosanramon.cl\/wp-content\/uploads\/2024\/05\/sueroterapia-300x188.jpg 300w, https:\/\/centroclinicosanramon.cl\/wp-content\/uploads\/2024\/05\/sueroterapia-768x480.jpg 768w, https:\/\/centroclinicosanramon.cl\/wp-content\/uploads\/2024\/05\/sueroterapia-400x250.jpg 400w, https:\/\/centroclinicosanramon.cl\/wp-content\/uploads\/2024\/05\/sueroterapia-600x375.jpg 600w, https:\/\/centroclinicosanramon.cl\/wp-content\/uploads\/2024\/05\/sueroterapia.jpg 1379w\" sizes=\"(max-width: 1024px) 100vw, 1024px\" \/>\t\t\t\t\t\t\t\t\t\t\t\t\t\t\t<\/div>\n\t\t\t\t<\/div>\n\t\t<div class=\"elementor-element elementor-element-8424516 e-flex e-con-boxed e-con e-child\" data-id=\"8424516\" data-element_type=\"container\">\n\t\t\t\t\t<div class=\"e-con-inner\">\n\t\t<div class=\"elementor-element elementor-element-919c3e9 e-con-full e-flex e-con e-child\" data-id=\"919c3e9\" data-element_type=\"container\">\n\t\t\t\t<div class=\"elementor-element elementor-element-3bbb5f8 elementor-widget elementor-widget-text-editor\" data-id=\"3bbb5f8\" data-element_type=\"widget\" data-widget_type=\"text-editor.default\">\n\t\t\t\t<div class=\"elementor-widget-container\">\n\t\t\t\t\t\t\t\t\t<p>Es un tratamiento basado en la aplicaci\u00f3n intravenosa de diferentes vitaminas, dependiendo de las necesidades del paciente para mejorar su bienestar, salud y aspecto f\u00edsico el cual ayuda a estimular los mecanismos de defensa y la desintoxicaci\u00f3n , regeneraci\u00f3n y reparaci\u00f3n del organismo.<\/p>\t\t\t\t\t\t\t\t<\/div>\n\t\t\t\t<\/div>\n\t\t\t\t<\/div>\n\t\t\t\t\t<\/div>\n\t\t\t\t<\/div>\n\t\t\t\t<\/div>\n\t\t\t\t<\/div>\n\t\t","protected":false},"excerpt":{"rendered":"<p>Sueroterapia Es un tratamiento basado en la aplicaci\u00f3n intravenosa de diferentes vitaminas, dependiendo de las necesidades del paciente para mejorar su bienestar, salud y aspecto f\u00edsico el cual ayuda a estimular los mecanismos de defensa y la desintoxicaci\u00f3n , regeneraci\u00f3n y reparaci\u00f3n del organismo.<\/p>\n","protected":false},"author":1,"featured_media":3018,"parent":0,"menu_order":0,"comment_status":"closed","ping_status":"closed","template":"page-templates\/template-default.php","meta":{"_monsterinsights_skip_tracking":false,"_monsterinsights_sitenote_active":false,"_monsterinsights_sitenote_note":"","_monsterinsights_sitenote_category":0,"footnotes":""},"aioseo_notices":[],"_links":{"self":[{"href":"https:\/\/centroclinicosanramon.cl\/index.php\/wp-json\/wp\/v2\/pages\/3121"}],"collection":[{"href":"https:\/\/centroclinicosanramon.cl\/index.php\/wp-json\/wp\/v2\/pages"}],"about":[{"href":"https:\/\/centroclinicosanramon.cl\/index.php\/wp-json\/wp\/v2\/types\/page"}],"author":[{"embeddable":true,"href":"https:\/\/centroclinicosanramon.cl\/index.php\/wp-json\/wp\/v2\/users\/1"}],"replies":[{"embeddable":true,"href":"https:\/\/centroclinicosanramon.cl\/index.php\/wp-json\/wp\/v2\/comments?post=3121"}],"version-history":[{"count":4,"href":"https:\/\/centroclinicosanramon.cl\/index.php\/wp-json\/wp\/v2\/pages\/3121\/revisions"}],"predecessor-version":[{"id":3125,"href":"https:\/\/centroclinicosanramon.cl\/index.php\/wp-json\/wp\/v2\/pages\/3121\/revisions\/3125"}],"wp:featuredmedia":[{"embeddable":true,"href":"https:\/\/centroclinicosanramon.cl\/index.php\/wp-json\/wp\/v2\/media\/3018"}],"wp:attachment":[{"href":"https:\/\/centroclinicosanramon.cl\/index.php\/wp-json\/wp\/v2\/media?parent=3121"}],"curies":[{"name":"wp","href":"https:\/\/api.w.org\/{rel}","templated":true}]}}