{"id":3116,"date":"2024-05-21T09:55:37","date_gmt":"2024-05-21T07:55:37","guid":{"rendered":"https:\/\/centroclinicosanramon.cl\/?page_id=3116"},"modified":"2024-05-21T09:58:03","modified_gmt":"2024-05-21T07:58:03","slug":"curaciones-avanzadas","status":"publish","type":"page","link":"https:\/\/centroclinicosanramon.cl\/index.php\/curaciones-avanzadas\/","title":{"rendered":"Curaciones Avanzadas"},"content":{"rendered":"\t\t<div data-elementor-type=\"wp-page\" data-elementor-id=\"3116\" class=\"elementor elementor-3116\">\n\t\t\t\t<div class=\"elementor-element elementor-element-7d68fe7 e-con-full e-flex e-con e-parent\" data-id=\"7d68fe7\" data-element_type=\"container\">\n\t\t\t\t<div class=\"elementor-element elementor-element-568f155 elementor-widget elementor-widget-heading\" data-id=\"568f155\" data-element_type=\"widget\" data-widget_type=\"heading.default\">\n\t\t\t\t<div class=\"elementor-widget-container\">\n\t\t\t\t\t<h2 class=\"elementor-heading-title elementor-size-default\">Curaciones Avanzadas <\/h2>\t\t\t\t<\/div>\n\t\t\t\t<\/div>\n\t\t\t\t<div class=\"elementor-element elementor-element-c1df0fa elementor-widget elementor-widget-image\" data-id=\"c1df0fa\" data-element_type=\"widget\" data-widget_type=\"image.default\">\n\t\t\t\t<div class=\"elementor-widget-container\">\n\t\t\t\t\t\t\t\t\t\t\t\t\t\t\t<img fetchpriority=\"high\" decoding=\"async\" width=\"1024\" height=\"683\" src=\"https:\/\/centroclinicosanramon.cl\/wp-content\/uploads\/2024\/05\/curaciones-avanzadas-1024x683.jpg\" class=\"attachment-large size-large wp-image-3040\" alt=\"\" srcset=\"https:\/\/centroclinicosanramon.cl\/wp-content\/uploads\/2024\/05\/curaciones-avanzadas-1024x683.jpg 1024w, https:\/\/centroclinicosanramon.cl\/wp-content\/uploads\/2024\/05\/curaciones-avanzadas-300x200.jpg 300w, https:\/\/centroclinicosanramon.cl\/wp-content\/uploads\/2024\/05\/curaciones-avanzadas-768x512.jpg 768w, https:\/\/centroclinicosanramon.cl\/wp-content\/uploads\/2024\/05\/curaciones-avanzadas-600x400.jpg 600w, https:\/\/centroclinicosanramon.cl\/wp-content\/uploads\/2024\/05\/curaciones-avanzadas.jpg 1380w\" sizes=\"(max-width: 1024px) 100vw, 1024px\" \/>\t\t\t\t\t\t\t\t\t\t\t\t\t\t\t<\/div>\n\t\t\t\t<\/div>\n\t\t<div class=\"elementor-element elementor-element-4ad381e e-flex e-con-boxed e-con e-child\" data-id=\"4ad381e\" data-element_type=\"container\">\n\t\t\t\t\t<div class=\"e-con-inner\">\n\t\t<div class=\"elementor-element elementor-element-b3fe227 e-con-full e-flex e-con e-child\" data-id=\"b3fe227\" data-element_type=\"container\">\n\t\t\t\t<div class=\"elementor-element elementor-element-ea79641 elementor-widget elementor-widget-text-editor\" data-id=\"ea79641\" data-element_type=\"widget\" data-widget_type=\"text-editor.default\">\n\t\t\t\t<div class=\"elementor-widget-container\">\n\t\t\t\t\t\t\t\t\t<p>Es un procedimiento realizado sobre la herida destinada a prevenir y controlar las infecciones y promover la cicatrizaci\u00f3n\u00a0 el cual se realiza con t\u00e9cnicas as\u00e9pticas con el uso de materiales est\u00e9riles, dependiendo del nivel de curaci\u00f3n que se necesite\u00a0 se realizar\u00e1 el tipo de curaci\u00f3n ya sea tradicional en la cual se utiliza ap\u00f3sitos de baja tecnolog\u00eda como las gaza y la avanzada\u00a0 que usa ap\u00f3sitos con sustancias activas que interact\u00faan con el microambiente de la herida como: hidrocoloides, antibi\u00f3ticos, ozono o alginato.<\/p>\t\t\t\t\t\t\t\t<\/div>\n\t\t\t\t<\/div>\n\t\t\t\t<\/div>\n\t\t\t\t\t<\/div>\n\t\t\t\t<\/div>\n\t\t\t\t<\/div>\n\t\t\t\t<\/div>\n\t\t","protected":false},"excerpt":{"rendered":"<p>Curaciones Avanzadas Es un procedimiento realizado sobre la herida destinada a prevenir y controlar las infecciones y promover la cicatrizaci\u00f3n\u00a0 el cual se realiza con t\u00e9cnicas as\u00e9pticas con el uso de materiales est\u00e9riles, dependiendo del nivel de curaci\u00f3n que se necesite\u00a0 se realizar\u00e1 el tipo de curaci\u00f3n ya sea tradicional en la cual se utiliza [&hellip;]<\/p>\n","protected":false},"author":1,"featured_media":3018,"parent":0,"menu_order":0,"comment_status":"closed","ping_status":"closed","template":"page-templates\/template-default.php","meta":{"_monsterinsights_skip_tracking":false,"_monsterinsights_sitenote_active":false,"_monsterinsights_sitenote_note":"","_monsterinsights_sitenote_category":0,"footnotes":""},"aioseo_notices":[],"_links":{"self":[{"href":"https:\/\/centroclinicosanramon.cl\/index.php\/wp-json\/wp\/v2\/pages\/3116"}],"collection":[{"href":"https:\/\/centroclinicosanramon.cl\/index.php\/wp-json\/wp\/v2\/pages"}],"about":[{"href":"https:\/\/centroclinicosanramon.cl\/index.php\/wp-json\/wp\/v2\/types\/page"}],"author":[{"embeddable":true,"href":"https:\/\/centroclinicosanramon.cl\/index.php\/wp-json\/wp\/v2\/users\/1"}],"replies":[{"embeddable":true,"href":"https:\/\/centroclinicosanramon.cl\/index.php\/wp-json\/wp\/v2\/comments?post=3116"}],"version-history":[{"count":4,"href":"https:\/\/centroclinicosanramon.cl\/index.php\/wp-json\/wp\/v2\/pages\/3116\/revisions"}],"predecessor-version":[{"id":3120,"href":"https:\/\/centroclinicosanramon.cl\/index.php\/wp-json\/wp\/v2\/pages\/3116\/revisions\/3120"}],"wp:featuredmedia":[{"embeddable":true,"href":"https:\/\/centroclinicosanramon.cl\/index.php\/wp-json\/wp\/v2\/media\/3018"}],"wp:attachment":[{"href":"https:\/\/centroclinicosanramon.cl\/index.php\/wp-json\/wp\/v2\/media?parent=3116"}],"curies":[{"name":"wp","href":"https:\/\/api.w.org\/{rel}","templated":true}]}}