{"id":3077,"date":"2024-05-18T11:55:52","date_gmt":"2024-05-18T09:55:52","guid":{"rendered":"https:\/\/centroclinicosanramon.cl\/?page_id=3077"},"modified":"2024-05-21T17:12:00","modified_gmt":"2024-05-21T15:12:00","slug":"odontologia","status":"publish","type":"page","link":"https:\/\/centroclinicosanramon.cl\/index.php\/odontologia\/","title":{"rendered":"ODONTOLOG\u00cdA"},"content":{"rendered":"\t\t<div data-elementor-type=\"wp-page\" data-elementor-id=\"3077\" class=\"elementor elementor-3077\">\n\t\t\t\t\t\t<section class=\"elementor-section elementor-top-section elementor-element elementor-element-5cf37e64 elementor-section-boxed elementor-section-height-default elementor-section-height-default\" data-id=\"5cf37e64\" data-element_type=\"section\">\n\t\t\t\t\t\t<div class=\"elementor-container elementor-column-gap-default\">\n\t\t\t\t\t<div class=\"elementor-column elementor-col-33 elementor-top-column elementor-element elementor-element-49353d7\" data-id=\"49353d7\" data-element_type=\"column\">\n\t\t\t<div class=\"elementor-widget-wrap elementor-element-populated\">\n\t\t\t\t\t\t<div class=\"elementor-element elementor-element-f4b70fc elementor-widget elementor-widget-feature\" data-id=\"f4b70fc\" data-element_type=\"widget\" data-widget_type=\"feature.default\">\n\t\t\t\t<div class=\"elementor-widget-container\">\n\t\t\t\t\t\r\n\r\n\r\n\t\t\r\n\t\t\t<div class=\"feature-box style-three\">\r\n\t\t\t\t<div class=\"feature-content-icon align-items-center d-flex\">\r\n\t\t\t\t\t<div class=\"feature-box-icon\">\r\n\t\t\t\t\t\t<span><i class=\"flaticon-doctor-2\"><\/i><\/span>\r\n\t\t\t\t\t<\/div>\t\r\n\t\t\t\t\t<div class=\"feature-box-title\">\r\n\t\t\t\t\t\t<h2>Dra. Mar\u00eda Gabriela Carrizo.<\/h2>\r\n\t\t\t\t\t<\/div>\r\n\t\t\t\t<\/div>\r\n\t\t\t\t<div class=\"feature-box-content\">\r\n\t\t\t\t\t<div class=\"feature-box-desc\">\r\n\t\t\t\t\t\t<p>D\u00edas: Lunes, Martes y Jueves: <br>\nHorario: 10:00 pm a 14:00 pm  <\/p>\r\n\t\t\t\t\t<\/div>\r\n\t\t\t\t\t\t\t\t\t<\/div>\r\n\t\t\t<\/div>\r\n\t\t\t\r\n\t\t\r\n\t\t\t\t\t<\/div>\n\t\t\t\t<\/div>\n\t\t\t\t\t<\/div>\n\t\t<\/div>\n\t\t\t\t<div class=\"elementor-column elementor-col-33 elementor-top-column elementor-element elementor-element-10b8462\" data-id=\"10b8462\" data-element_type=\"column\">\n\t\t\t<div class=\"elementor-widget-wrap elementor-element-populated\">\n\t\t\t\t\t\t<div class=\"elementor-element elementor-element-04510d1 elementor-widget elementor-widget-feature\" data-id=\"04510d1\" data-element_type=\"widget\" data-widget_type=\"feature.default\">\n\t\t\t\t<div class=\"elementor-widget-container\">\n\t\t\t\t\t\r\n\r\n\r\n\t\t\r\n\t\t\t<div class=\"feature-box style-three\">\r\n\t\t\t\t<div class=\"feature-content-icon align-items-center d-flex\">\r\n\t\t\t\t\t<div class=\"feature-box-icon\">\r\n\t\t\t\t\t\t<span><i class=\"flaticon-doctor-2\"><\/i><\/span>\r\n\t\t\t\t\t<\/div>\t\r\n\t\t\t\t\t<div class=\"feature-box-title\">\r\n\t\t\t\t\t\t<h2>Dra. Cesiah Vera<\/h2>\r\n\t\t\t\t\t<\/div>\r\n\t\t\t\t<\/div>\r\n\t\t\t\t<div class=\"feature-box-content\">\r\n\t\t\t\t\t<div class=\"feature-box-desc\">\r\n\t\t\t\t\t\t<p>D\u00edas: Lunes, Martes, Jueves y Viernes: <br>\nHorario: 15:00 pm a 18:00 hrs   <br>\nS\u00e1bados 10:00 am a 14:00 hrs<\/p>\r\n\t\t\t\t\t<\/div>\r\n\t\t\t\t\t\t\t\t\t<\/div>\r\n\t\t\t<\/div>\r\n\t\t\t\r\n\t\t\r\n\t\t\t\t\t<\/div>\n\t\t\t\t<\/div>\n\t\t\t\t\t<\/div>\n\t\t<\/div>\n\t\t\t\t<div class=\"elementor-column elementor-col-33 elementor-top-column elementor-element elementor-element-41e3077\" data-id=\"41e3077\" data-element_type=\"column\">\n\t\t\t<div class=\"elementor-widget-wrap elementor-element-populated\">\n\t\t\t\t\t\t<div class=\"elementor-element elementor-element-cf81788 elementor-widget elementor-widget-feature\" data-id=\"cf81788\" data-element_type=\"widget\" data-widget_type=\"feature.default\">\n\t\t\t\t<div class=\"elementor-widget-container\">\n\t\t\t\t\t\r\n\r\n\r\n\t\t\r\n\t\t\t<div class=\"feature-box style-three\">\r\n\t\t\t\t<div class=\"feature-content-icon align-items-center d-flex\">\r\n\t\t\t\t\t<div class=\"feature-box-icon\">\r\n\t\t\t\t\t\t<span><i class=\"flaticon-doctor-2\"><\/i><\/span>\r\n\t\t\t\t\t<\/div>\t\r\n\t\t\t\t\t<div class=\"feature-box-title\">\r\n\t\t\t\t\t\t<h2>Dra. Alba Choez<\/h2>\r\n\t\t\t\t\t<\/div>\r\n\t\t\t\t<\/div>\r\n\t\t\t\t<div class=\"feature-box-content\">\r\n\t\t\t\t\t<div class=\"feature-box-desc\">\r\n\t\t\t\t\t\t<p>D\u00edas: Mi\u00e9rcoles y Viernes <br>\nHorario: 15:00 pm a 20:00 hrs  \n<\/p>\r\n\t\t\t\t\t<\/div>\r\n\t\t\t\t\t\t\t\t\t<\/div>\r\n\t\t\t<\/div>\r\n\t\t\t\r\n\t\t\r\n\t\t\t\t\t<\/div>\n\t\t\t\t<\/div>\n\t\t\t\t\t<\/div>\n\t\t<\/div>\n\t\t\t\t\t<\/div>\n\t\t<\/section>\n\t\t<div class=\"elementor-element elementor-element-1871fef e-flex e-con-boxed e-con e-parent\" data-id=\"1871fef\" data-element_type=\"container\">\n\t\t\t\t\t<div class=\"e-con-inner\">\n\t\t\t\t<div class=\"elementor-element elementor-element-b4ccaa5 elementor-widget elementor-widget-heading\" data-id=\"b4ccaa5\" data-element_type=\"widget\" data-widget_type=\"heading.default\">\n\t\t\t\t<div class=\"elementor-widget-container\">\n\t\t\t\t\t<h2 class=\"elementor-heading-title elementor-size-default\">Servicio Integral de Odontolog\u00eda<\/h2>\t\t\t\t<\/div>\n\t\t\t\t<\/div>\n\t\t\t\t<div class=\"elementor-element elementor-element-67d883a elementor-widget elementor-widget-image\" data-id=\"67d883a\" data-element_type=\"widget\" data-widget_type=\"image.default\">\n\t\t\t\t<div class=\"elementor-widget-container\">\n\t\t\t\t\t\t\t\t\t\t\t\t\t\t\t<img fetchpriority=\"high\" decoding=\"async\" width=\"600\" height=\"600\" src=\"https:\/\/centroclinicosanramon.cl\/wp-content\/uploads\/2021\/03\/process2.jpg\" class=\"attachment-large size-large wp-image-1746\" alt=\"\" srcset=\"https:\/\/centroclinicosanramon.cl\/wp-content\/uploads\/2021\/03\/process2.jpg 600w, https:\/\/centroclinicosanramon.cl\/wp-content\/uploads\/2021\/03\/process2-300x300.jpg 300w, https:\/\/centroclinicosanramon.cl\/wp-content\/uploads\/2021\/03\/process2-100x100.jpg 100w, https:\/\/centroclinicosanramon.cl\/wp-content\/uploads\/2021\/03\/process2-150x150.jpg 150w, https:\/\/centroclinicosanramon.cl\/wp-content\/uploads\/2021\/03\/process2-450x450.jpg 450w, https:\/\/centroclinicosanramon.cl\/wp-content\/uploads\/2021\/03\/process2-106x106.jpg 106w, https:\/\/centroclinicosanramon.cl\/wp-content\/uploads\/2021\/03\/process2-560x560.jpg 560w, https:\/\/centroclinicosanramon.cl\/wp-content\/uploads\/2021\/03\/process2-80x80.jpg 80w\" sizes=\"(max-width: 600px) 100vw, 600px\" \/>\t\t\t\t\t\t\t\t\t\t\t\t\t\t\t<\/div>\n\t\t\t\t<\/div>\n\t\t\t\t\t<\/div>\n\t\t\t\t<\/div>\n\t\t<div class=\"elementor-element elementor-element-d884928 e-flex e-con-boxed e-con e-parent\" data-id=\"d884928\" data-element_type=\"container\">\n\t\t\t\t\t<div class=\"e-con-inner\">\n\t\t<div class=\"elementor-element elementor-element-40ea9ef e-con-full e-flex e-con e-child\" data-id=\"40ea9ef\" data-element_type=\"container\">\n\t\t\t\t<div class=\"elementor-element elementor-element-0f50d7f elementor-widget elementor-widget-text-editor\" data-id=\"0f50d7f\" data-element_type=\"widget\" data-widget_type=\"text-editor.default\">\n\t\t\t\t<div class=\"elementor-widget-container\">\n\t\t\t\t\t\t\t\t\t<h4>Descripci\u00f3n del Servicio<\/h4><p>Nuestro servicio integral de odontolog\u00eda ofrece una gama completa de cuidados dentales para pacientes de todas las edades. Nos comprometemos a proporcionar atenci\u00f3n de alta calidad en un entorno c\u00f3modo y acogedor. Nuestros servicios abarcan desde la prevenci\u00f3n y el tratamiento de enfermedades dentales hasta procedimientos cosm\u00e9ticos y restaurativos avanzados.<\/p><h4>Servicios Ofrecidos<\/h4><p>\u00a0<\/p><ol><li><p><strong>Ex\u00e1menes Dentales de Rutina:<\/strong><\/p><ul><li>Evaluaci\u00f3n integral de la salud bucal.<\/li><li>Limpiezas profesionales para eliminar placa y sarro.<\/li><li>Radiograf\u00edas dentales para detectar problemas ocultos.<br \/><br \/><\/li><\/ul><\/li><li><p><strong>Prevenci\u00f3n y Educaci\u00f3n:<\/strong><\/p><ul><li>Aplicaci\u00f3n de selladores dentales para prevenir caries en ni\u00f1os y adultos.<\/li><li>Fluorizaci\u00f3n para fortalecer el esmalte dental.<\/li><li>Asesoramiento sobre t\u00e9cnicas de cepillado y uso de hilo dental.<\/li><li>Educaci\u00f3n sobre dieta y h\u00e1bitos saludables para mantener una buena salud oral.<br \/><br \/><\/li><\/ul><\/li><li><p><strong>Tratamientos Restaurativos:<\/strong><\/p><ul><li>Rellenos dentales para reparar caries.<\/li><li>Coronas y puentes para restaurar dientes da\u00f1ados o perdidos.<\/li><li>Implantes dentales para reemplazar dientes perdidos con soluciones permanentes.<\/li><li>Pr\u00f3tesis dentales (dentaduras completas y parciales).<br \/><br \/><\/li><\/ul><\/li><li><p><strong>Odontolog\u00eda Est\u00e9tica:<\/strong><\/p><ul><li>Blanqueamiento dental para una sonrisa m\u00e1s brillante.<\/li><li>Carillas de porcelana para corregir imperfecciones est\u00e9ticas.<\/li><li>Contorneado y remodelaci\u00f3n de enc\u00edas.<br \/><br \/><\/li><\/ul><\/li><li><p><strong>Ortodoncia:<\/strong><\/p><ul><li>Tratamientos con brackets tradicionales y de cer\u00e1mica.<\/li><li>Ortodoncia invisible (alineadores transparentes).<\/li><li>Correcci\u00f3n de maloclusiones y alineaci\u00f3n de los dientes.<br \/><br \/><\/li><\/ul><\/li><li><p><strong>Endodoncia:<\/strong><\/p><ul><li>Tratamientos de conducto para salvar dientes infectados.<\/li><li>Retratamientos endod\u00f3nticos para problemas persistentes o recurrentes.<br \/><br \/><\/li><\/ul><\/li><li><p><strong>Periodoncia:<\/strong><\/p><ul><li>Tratamiento de enfermedades de las enc\u00edas, como la gingivitis y la periodontitis.<\/li><li>Cirug\u00eda periodontal para corregir da\u00f1os severos en las enc\u00edas y hueso.<br \/><br \/><\/li><\/ul><\/li><li><p><strong>Cirug\u00eda Oral y Maxilofacial:<\/strong><\/p><ul><li>Extracciones de dientes, incluyendo muelas del juicio.<\/li><li>Cirug\u00eda correctiva para problemas mandibulares.<\/li><li>Tratamiento de lesiones y traumatismos faciales.<br \/><br \/><\/li><\/ul><\/li><li><p><strong>Odontolog\u00eda Pedi\u00e1trica:<\/strong><\/p><ul><li>Cuidados dentales especializados para ni\u00f1os.<\/li><li>Prevenci\u00f3n y tratamiento de caries en la infancia.<\/li><li>Educaci\u00f3n sobre salud bucal para padres e hijos.<br \/><br \/><\/li><\/ul><\/li><li><p><strong>Cuidado de Urgencias Dentales:<\/strong><\/p><ul><li>Tratamiento inmediato para el dolor dental severo.<\/li><li>Manejo de lesiones dentales traum\u00e1ticas.<\/li><li>Reparaci\u00f3n de dientes fracturados o desplazados.<br \/><br \/><\/li><\/ul><\/li><\/ol><h4>Beneficios del Servicio<br \/><strong style=\"color: var( --e-global-color-text ); font-size: 16px;\">Atenci\u00f3n Integral:<\/strong><span style=\"color: var( --e-global-color-text ); font-size: 16px;\"><span style=\"font-weight: 400;\"> Ofrecemos una amplia gama de servicios dentales para satisfacer todas las necesidades de salud bucal en un solo lugar.<br \/><\/span><\/span><strong style=\"color: var( --e-global-color-text ); font-size: 16px;\">Profesionales Capacitados:<\/strong><span style=\"color: var( --e-global-color-text ); font-size: 16px;\"><span style=\"font-weight: 400;\"> Nuestro equipo est\u00e1 formado por dentistas altamente capacitados y especializados en diversas \u00e1reas de la odontolog\u00eda.<br \/><\/span><\/span><strong style=\"color: var( --e-global-color-text ); font-size: 16px;\">Tecnolog\u00eda Avanzada:<\/strong><span style=\"color: var( --e-global-color-text ); font-size: 16px;\"><span style=\"font-weight: 400;\"> Utilizamos las \u00faltimas tecnolog\u00edas y t\u00e9cnicas para garantizar diagn\u00f3sticos precisos y tratamientos efectivos.<br \/><\/span><\/span><strong style=\"color: var( --e-global-color-text ); font-size: 16px;\">Enfoque Personalizado:<\/strong><span style=\"color: var( --e-global-color-text ); font-size: 16px;\"><span style=\"font-weight: 400;\"> Dise\u00f1amos planes de tratamiento individualizados para cada paciente, teniendo en cuenta sus necesidades y objetivos espec\u00edficos.<br \/><\/span><\/span><strong style=\"color: var( --e-global-color-text ); font-size: 16px;\">Ambiente Agradable:<\/strong><span style=\"font-weight: 400; color: var( --e-global-color-text ); font-size: 16px;\"> Nos esforzamos por crear un entorno c\u00f3modo y libre de estr\u00e9s para nuestros pacientes.<\/span><\/h4><h4>C\u00f3mo Acceder al Servicio<\/h4><p>Para acceder a nuestros servicios de odontolog\u00eda, puedes programar una cita llamando a nuestro n\u00famero de contacto o visitando nuestra cl\u00ednica. Estamos aqu\u00ed para ayudarte a mantener una sonrisa saludable y hermosa.<\/p>\t\t\t\t\t\t\t\t<\/div>\n\t\t\t\t<\/div>\n\t\t\t\t<\/div>\n\t\t\t\t\t<\/div>\n\t\t\t\t<\/div>\n\t\t\t\t<\/div>\n\t\t","protected":false},"excerpt":{"rendered":"<p>Dra. Mar\u00eda Gabriela Carrizo. D\u00edas: Lunes, Martes y Jueves: Horario: 10:00 pm a 14:00 pm Dra. Cesiah Vera D\u00edas: Lunes, Martes, Jueves y Viernes: Horario: 15:00 pm a 18:00 hrs S\u00e1bados 10:00 am a 14:00 hrs Dra. Alba Choez D\u00edas: Mi\u00e9rcoles y Viernes Horario: 15:00 pm a 20:00 hrs Servicio Integral de Odontolog\u00eda Descripci\u00f3n del [&hellip;]<\/p>\n","protected":false},"author":1,"featured_media":0,"parent":0,"menu_order":0,"comment_status":"closed","ping_status":"closed","template":"page-templates\/template-default.php","meta":{"_monsterinsights_skip_tracking":false,"_monsterinsights_sitenote_active":false,"_monsterinsights_sitenote_note":"","_monsterinsights_sitenote_category":0,"footnotes":""},"aioseo_notices":[],"_links":{"self":[{"href":"https:\/\/centroclinicosanramon.cl\/index.php\/wp-json\/wp\/v2\/pages\/3077"}],"collection":[{"href":"https:\/\/centroclinicosanramon.cl\/index.php\/wp-json\/wp\/v2\/pages"}],"about":[{"href":"https:\/\/centroclinicosanramon.cl\/index.php\/wp-json\/wp\/v2\/types\/page"}],"author":[{"embeddable":true,"href":"https:\/\/centroclinicosanramon.cl\/index.php\/wp-json\/wp\/v2\/users\/1"}],"replies":[{"embeddable":true,"href":"https:\/\/centroclinicosanramon.cl\/index.php\/wp-json\/wp\/v2\/comments?post=3077"}],"version-history":[{"count":13,"href":"https:\/\/centroclinicosanramon.cl\/index.php\/wp-json\/wp\/v2\/pages\/3077\/revisions"}],"predecessor-version":[{"id":3234,"href":"https:\/\/centroclinicosanramon.cl\/index.php\/wp-json\/wp\/v2\/pages\/3077\/revisions\/3234"}],"wp:attachment":[{"href":"https:\/\/centroclinicosanramon.cl\/index.php\/wp-json\/wp\/v2\/media?parent=3077"}],"curies":[{"name":"wp","href":"https:\/\/api.w.org\/{rel}","templated":true}]}}